{"id":2931,"date":"2026-01-16T12:01:59","date_gmt":"2026-01-16T12:01:59","guid":{"rendered":"https:\/\/ola-foods.com\/?post_type=product&#038;p=2931"},"modified":"2026-03-26T23:05:38","modified_gmt":"2026-03-26T23:05:38","slug":"ola-flour-all-use","status":"publish","type":"product","link":"https:\/\/ola-foods.com\/sq\/product\/ola-flour-all-use\/","title":{"rendered":"Miell p\u00ebr \u00e7do p\u00ebrdorim"},"template":"","meta":{"_acf_changed":false,"nf_dc_page":""},"product-line-link":[93],"class_list":["post-2931","product","type-product","status-publish","has-post-thumbnail","hentry","product-line-link-flour"],"acf":[],"_links":{"self":[{"href":"https:\/\/ola-foods.com\/sq\/wp-json\/wp\/v2\/product\/2931","targetHints":{"allow":["GET"]}}],"collection":[{"href":"https:\/\/ola-foods.com\/sq\/wp-json\/wp\/v2\/product"}],"about":[{"href":"https:\/\/ola-foods.com\/sq\/wp-json\/wp\/v2\/types\/product"}],"wp:featuredmedia":[{"embeddable":true,"href":"https:\/\/ola-foods.com\/sq\/wp-json\/wp\/v2\/media\/4953"}],"wp:attachment":[{"href":"https:\/\/ola-foods.com\/sq\/wp-json\/wp\/v2\/media?parent=2931"}],"wp:term":[{"taxonomy":"product-line-link","embeddable":true,"href":"https:\/\/ola-foods.com\/sq\/wp-json\/wp\/v2\/product-line-link?post=2931"}],"curies":[{"name":"wp","href":"https:\/\/api.w.org\/{rel}","templated":true}]}}